{"id":41,"date":"2024-12-09T20:34:58","date_gmt":"2024-12-09T20:34:58","guid":{"rendered":"https:\/\/hezarsahinsaat.com\/?page_id=41"},"modified":"2025-03-09T11:16:47","modified_gmt":"2025-03-09T11:16:47","slug":"bize-ulasin","status":"publish","type":"page","link":"https:\/\/hezarsahinsaat.com\/?page_id=41","title":{"rendered":"Bize Ula\u015f\u0131n 0212 803 3 803"},"content":{"rendered":"\n<p class=\"has-text-align-center\"><strong>HAZAR\u015eAH YAPI \u0130N\u015eAAT<\/strong><\/p>\n\n\n\n<p class=\"has-text-align-center\">TAAHH\u00dcT SANAY\u0130 VE T\u0130CARET L\u0130M\u0130TED \u015e\u0130RKET\u0130<\/p>\n\n\n\n<p class=\"has-text-align-center\">Merkez Mahallesi, Gazi Osman Pa\u015fa Caddesi No: 2 D: 1 G\u00fcng\u00f6ren\/\u0130stanbul<\/p>\n\n\n\n<p class=\"has-text-align-center\">hazarsahinsaat@hotmail.com<\/p>\n\n\n\n<div class=\"wp-block-group alignfull has-accent-3-background-color has-background has-global-padding is-layout-constrained wp-container-core-group-is-layout-2 wp-block-group-is-layout-constrained\" style=\"min-height:100vh;margin-top:0;margin-bottom:0;padding-top:var(--wp--preset--spacing--60);padding-right:var(--wp--preset--spacing--50);padding-bottom:var(--wp--preset--spacing--60);padding-left:var(--wp--preset--spacing--50)\">\n<div class=\"wp-block-group has-global-padding is-layout-constrained wp-block-group-is-layout-constrained\">\n<figure class=\"wp-block-image aligncenter size-full is-resized\"><img decoding=\"async\" src=\"https:\/\/hezarsahinsaat.com\/wp-content\/themes\/twentytwentyfour\/assets\/images\/icon-message.webp\" alt=\"\" style=\"object-fit:cover;width:45px;height:49px\"\/><\/figure>\n\n\n\n<div style=\"height:var(--wp--preset--spacing--10)\" aria-hidden=\"true\" class=\"wp-block-spacer\"><\/div>\n\n\n\n<h2 class=\"wp-block-heading has-text-align-center has-contrast-color has-text-color has-link-color has-x-large-font-size wp-elements-302722ed564b1a4e810d2bb57000247f\" style=\"margin-right:0;margin-left:0;padding-right:0;padding-left:0\">Katalo\u011fumuza abone olun ve toplulu\u011fumuzla ba\u011flant\u0131da kal\u0131n<\/h2>\n\n\n\n<div style=\"height:var(--wp--preset--spacing--10)\" aria-hidden=\"true\" class=\"wp-block-spacer\"><\/div>\n\n\n\n<div class=\"wp-block-buttons is-content-justification-center is-layout-flex wp-container-core-buttons-is-layout-1 wp-block-buttons-is-layout-flex\">\n<div class=\"wp-block-button\" id=\"https:\/\/hezarsahinsaat.com\/URETIM_E\/mobile\/index.html\"><a class=\"wp-block-button__link wp-element-button\" href=\"https:\/\/hezarsahinsaat.com\/URETIM_E\/mobile\/index.html\" target=\"_blank\" rel=\"noreferrer noopener\">Katalo\u011fumuzu \u0130nceleyiniz<\/a><\/div>\n<\/div>\n<\/div>\n<\/div>\n","protected":false},"excerpt":{"rendered":"<p>HAZAR\u015eAH YAPI \u0130N\u015eAAT TAAHH\u00dcT SANAY\u0130 VE T\u0130CARET L\u0130M\u0130TED \u015e\u0130RKET\u0130 Merkez Mahallesi, Gazi Osman Pa\u015fa Caddesi No: 2 D: 1 G\u00fcng\u00f6ren\/\u0130stanbul hazarsahinsaat@hotmail.com Katalo\u011fumuza abone olun ve toplulu\u011fumuzla ba\u011flant\u0131da kal\u0131n<\/p>\n","protected":false},"author":1,"featured_media":0,"parent":0,"menu_order":0,"comment_status":"closed","ping_status":"closed","template":"","meta":{"footnotes":""},"class_list":["post-41","page","type-page","status-publish","hentry"],"_links":{"self":[{"href":"https:\/\/hezarsahinsaat.com\/index.php?rest_route=\/wp\/v2\/pages\/41","targetHints":{"allow":["GET"]}}],"collection":[{"href":"https:\/\/hezarsahinsaat.com\/index.php?rest_route=\/wp\/v2\/pages"}],"about":[{"href":"https:\/\/hezarsahinsaat.com\/index.php?rest_route=\/wp\/v2\/types\/page"}],"author":[{"embeddable":true,"href":"https:\/\/hezarsahinsaat.com\/index.php?rest_route=\/wp\/v2\/users\/1"}],"replies":[{"embeddable":true,"href":"https:\/\/hezarsahinsaat.com\/index.php?rest_route=%2Fwp%2Fv2%2Fcomments&post=41"}],"version-history":[{"count":6,"href":"https:\/\/hezarsahinsaat.com\/index.php?rest_route=\/wp\/v2\/pages\/41\/revisions"}],"predecessor-version":[{"id":108,"href":"https:\/\/hezarsahinsaat.com\/index.php?rest_route=\/wp\/v2\/pages\/41\/revisions\/108"}],"wp:attachment":[{"href":"https:\/\/hezarsahinsaat.com\/index.php?rest_route=%2Fwp%2Fv2%2Fmedia&parent=41"}],"curies":[{"name":"wp","href":"https:\/\/api.w.org\/{rel}","templated":true}]}}