{"id":35,"date":"2024-12-09T20:32:03","date_gmt":"2024-12-09T20:32:03","guid":{"rendered":"https:\/\/hezarsahinsaat.com\/?page_id=35"},"modified":"2025-02-08T13:01:23","modified_gmt":"2025-02-08T13:01:23","slug":"galeri","status":"publish","type":"page","link":"https:\/\/hezarsahinsaat.com\/?page_id=35","title":{"rendered":"Galeri"},"content":{"rendered":"\n<div style=\"height:var(--wp--preset--spacing--50)\" aria-hidden=\"true\" class=\"wp-block-spacer\"><\/div>\n\n\n\n<div class=\"wp-block-group alignwide has-global-padding is-layout-constrained wp-block-group-is-layout-constrained\">\n<h1 class=\"wp-block-heading alignwide has-xx-large-font-size\" style=\"line-height:1.2\">Ben <em>Kerim Aky\u00fcz<\/em>, hayat\u0131n ge\u00e7ici g\u00fczelli\u011fini yakalayarak ilham bulan tutkulu bir foto\u011fraf\u00e7\u0131y\u0131m ve bu yap\u0131 firmas\u0131n\u0131n \u00fcrettiklerinde detaylar hep dikkatimi \u00e7ekti. <\/h1>\n<\/div>\n\n\n\n<div class=\"wp-block-group alignfull has-global-padding is-layout-constrained wp-container-core-group-is-layout-2 wp-block-group-is-layout-constrained\" style=\"margin-top:0;margin-bottom:0;padding-top:var(--wp--preset--spacing--50);padding-right:var(--wp--preset--spacing--50);padding-bottom:var(--wp--preset--spacing--50);padding-left:var(--wp--preset--spacing--50)\">\n<div class=\"wp-block-columns alignwide is-layout-flex wp-container-core-columns-is-layout-1 wp-block-columns-is-layout-flex\" style=\"margin-top:0;margin-bottom:0\">\n<div class=\"wp-block-column is-layout-flow wp-container-core-column-is-layout-1 wp-block-column-is-layout-flow\">\n<figure class=\"wp-block-image size-large is-style-rounded is-style-rounded--1\"><img loading=\"lazy\" decoding=\"async\" width=\"473\" height=\"1024\" src=\"https:\/\/hezarsahinsaat.com\/wp-content\/uploads\/2025\/02\/WhatsApp-Image-2025-02-07-at-20.51.18-1-473x1024.jpeg\" alt=\"\" class=\"wp-image-86\" style=\"aspect-ratio:4\/3;object-fit:cover\" srcset=\"https:\/\/hezarsahinsaat.com\/wp-content\/uploads\/2025\/02\/WhatsApp-Image-2025-02-07-at-20.51.18-1-473x1024.jpeg 473w, https:\/\/hezarsahinsaat.com\/wp-content\/uploads\/2025\/02\/WhatsApp-Image-2025-02-07-at-20.51.18-1-139x300.jpeg 139w, https:\/\/hezarsahinsaat.com\/wp-content\/uploads\/2025\/02\/WhatsApp-Image-2025-02-07-at-20.51.18-1-768x1662.jpeg 768w, https:\/\/hezarsahinsaat.com\/wp-content\/uploads\/2025\/02\/WhatsApp-Image-2025-02-07-at-20.51.18-1-710x1536.jpeg 710w, https:\/\/hezarsahinsaat.com\/wp-content\/uploads\/2025\/02\/WhatsApp-Image-2025-02-07-at-20.51.18-1-946x2048.jpeg 946w, https:\/\/hezarsahinsaat.com\/wp-content\/uploads\/2025\/02\/WhatsApp-Image-2025-02-07-at-20.51.18-1-scaled.jpeg 1183w\" sizes=\"auto, (max-width: 473px) 100vw, 473px\" \/><\/figure>\n\n\n\n<div style=\"height:var(--wp--preset--spacing--50)\" aria-hidden=\"true\" class=\"wp-block-spacer\"><\/div>\n\n\n\n<figure class=\"wp-block-image size-large is-style-rounded is-style-rounded--2\"><img loading=\"lazy\" decoding=\"async\" width=\"768\" height=\"1024\" src=\"https:\/\/hezarsahinsaat.com\/wp-content\/uploads\/2025\/02\/WhatsApp-Image-2025-02-08-at-15.02.26-2-768x1024.jpeg\" alt=\"\" class=\"wp-image-87\" style=\"aspect-ratio:3\/4;object-fit:cover\" srcset=\"https:\/\/hezarsahinsaat.com\/wp-content\/uploads\/2025\/02\/WhatsApp-Image-2025-02-08-at-15.02.26-2-768x1024.jpeg 768w, https:\/\/hezarsahinsaat.com\/wp-content\/uploads\/2025\/02\/WhatsApp-Image-2025-02-08-at-15.02.26-2-225x300.jpeg 225w, https:\/\/hezarsahinsaat.com\/wp-content\/uploads\/2025\/02\/WhatsApp-Image-2025-02-08-at-15.02.26-2-1152x1536.jpeg 1152w, https:\/\/hezarsahinsaat.com\/wp-content\/uploads\/2025\/02\/WhatsApp-Image-2025-02-08-at-15.02.26-2.jpeg 1200w\" sizes=\"auto, (max-width: 768px) 100vw, 768px\" \/><\/figure>\n<\/div>\n\n\n\n<div class=\"wp-block-column is-layout-flow wp-container-core-column-is-layout-2 wp-block-column-is-layout-flow\">\n<div style=\"height:var(--wp--preset--spacing--50)\" aria-hidden=\"true\" class=\"wp-block-spacer\"><\/div>\n\n\n\n<figure class=\"wp-block-image size-large is-style-rounded is-style-rounded--3\"><img loading=\"lazy\" decoding=\"async\" width=\"1344\" height=\"1008\" src=\"https:\/\/hezarsahinsaat.com\/wp-content\/uploads\/2025\/02\/WhatsApp-Image-2025-02-07-at-20.51.18-edited.jpeg\" alt=\"\" class=\"wp-image-90\" style=\"aspect-ratio:3\/4;object-fit:cover\" srcset=\"https:\/\/hezarsahinsaat.com\/wp-content\/uploads\/2025\/02\/WhatsApp-Image-2025-02-07-at-20.51.18-edited.jpeg 1344w, https:\/\/hezarsahinsaat.com\/wp-content\/uploads\/2025\/02\/WhatsApp-Image-2025-02-07-at-20.51.18-edited-300x225.jpeg 300w, https:\/\/hezarsahinsaat.com\/wp-content\/uploads\/2025\/02\/WhatsApp-Image-2025-02-07-at-20.51.18-edited-1024x768.jpeg 1024w, https:\/\/hezarsahinsaat.com\/wp-content\/uploads\/2025\/02\/WhatsApp-Image-2025-02-07-at-20.51.18-edited-768x576.jpeg 768w\" sizes=\"auto, (max-width: 1344px) 100vw, 1344px\" \/><\/figure>\n<\/div>\n\n\n\n<div class=\"wp-block-column is-layout-flow wp-container-core-column-is-layout-3 wp-block-column-is-layout-flow\">\n<div style=\"height:var(--wp--preset--spacing--50)\" aria-hidden=\"true\" class=\"wp-block-spacer\"><\/div>\n\n\n\n<div style=\"height:183px\" aria-hidden=\"true\" class=\"wp-block-spacer\"><\/div>\n\n\n\n<figure class=\"wp-block-image size-large\"><img loading=\"lazy\" decoding=\"async\" width=\"1024\" height=\"473\" src=\"https:\/\/hezarsahinsaat.com\/wp-content\/uploads\/2025\/02\/WhatsApp-Image-2025-02-08-at-15.02.30-1024x473.jpeg\" alt=\"\" class=\"wp-image-91\" srcset=\"https:\/\/hezarsahinsaat.com\/wp-content\/uploads\/2025\/02\/WhatsApp-Image-2025-02-08-at-15.02.30-1024x473.jpeg 1024w, https:\/\/hezarsahinsaat.com\/wp-content\/uploads\/2025\/02\/WhatsApp-Image-2025-02-08-at-15.02.30-300x139.jpeg 300w, https:\/\/hezarsahinsaat.com\/wp-content\/uploads\/2025\/02\/WhatsApp-Image-2025-02-08-at-15.02.30-768x355.jpeg 768w, https:\/\/hezarsahinsaat.com\/wp-content\/uploads\/2025\/02\/WhatsApp-Image-2025-02-08-at-15.02.30-1536x710.jpeg 1536w, https:\/\/hezarsahinsaat.com\/wp-content\/uploads\/2025\/02\/WhatsApp-Image-2025-02-08-at-15.02.30-2048x946.jpeg 2048w\" sizes=\"auto, (max-width: 1024px) 100vw, 1024px\" \/><\/figure>\n<\/div>\n<\/div>\n<\/div>\n\n\n\n<figure class=\"wp-block-image size-large\"><img loading=\"lazy\" decoding=\"async\" width=\"1024\" height=\"473\" src=\"https:\/\/hezarsahinsaat.com\/wp-content\/uploads\/2025\/02\/WhatsApp-Image-2025-02-08-at-15.02.31-1024x473.jpeg\" alt=\"\" class=\"wp-image-92\" srcset=\"https:\/\/hezarsahinsaat.com\/wp-content\/uploads\/2025\/02\/WhatsApp-Image-2025-02-08-at-15.02.31-1024x473.jpeg 1024w, https:\/\/hezarsahinsaat.com\/wp-content\/uploads\/2025\/02\/WhatsApp-Image-2025-02-08-at-15.02.31-300x139.jpeg 300w, https:\/\/hezarsahinsaat.com\/wp-content\/uploads\/2025\/02\/WhatsApp-Image-2025-02-08-at-15.02.31-768x355.jpeg 768w, https:\/\/hezarsahinsaat.com\/wp-content\/uploads\/2025\/02\/WhatsApp-Image-2025-02-08-at-15.02.31-1536x710.jpeg 1536w, https:\/\/hezarsahinsaat.com\/wp-content\/uploads\/2025\/02\/WhatsApp-Image-2025-02-08-at-15.02.31-2048x946.jpeg 2048w\" sizes=\"auto, (max-width: 1024px) 100vw, 1024px\" \/><\/figure>\n\n\n\n<figure class=\"wp-block-image size-large\"><img loading=\"lazy\" decoding=\"async\" width=\"1024\" height=\"473\" src=\"https:\/\/hezarsahinsaat.com\/wp-content\/uploads\/2025\/02\/WhatsApp-Image-2025-02-08-at-15.02.31-1-1024x473.jpeg\" alt=\"\" class=\"wp-image-93\" srcset=\"https:\/\/hezarsahinsaat.com\/wp-content\/uploads\/2025\/02\/WhatsApp-Image-2025-02-08-at-15.02.31-1-1024x473.jpeg 1024w, https:\/\/hezarsahinsaat.com\/wp-content\/uploads\/2025\/02\/WhatsApp-Image-2025-02-08-at-15.02.31-1-300x139.jpeg 300w, https:\/\/hezarsahinsaat.com\/wp-content\/uploads\/2025\/02\/WhatsApp-Image-2025-02-08-at-15.02.31-1-768x355.jpeg 768w, https:\/\/hezarsahinsaat.com\/wp-content\/uploads\/2025\/02\/WhatsApp-Image-2025-02-08-at-15.02.31-1-1536x710.jpeg 1536w, https:\/\/hezarsahinsaat.com\/wp-content\/uploads\/2025\/02\/WhatsApp-Image-2025-02-08-at-15.02.31-1-2048x946.jpeg 2048w\" sizes=\"auto, (max-width: 1024px) 100vw, 1024px\" \/><\/figure>\n\n\n\n<p><\/p>\n","protected":false},"excerpt":{"rendered":"<p>Ben Kerim Aky\u00fcz, hayat\u0131n ge\u00e7ici g\u00fczelli\u011fini yakalayarak ilham bulan tutkulu bir foto\u011fraf\u00e7\u0131y\u0131m ve bu yap\u0131 firmas\u0131n\u0131n \u00fcrettiklerinde detaylar hep dikkatimi \u00e7ekti.<\/p>\n","protected":false},"author":1,"featured_media":0,"parent":0,"menu_order":0,"comment_status":"closed","ping_status":"closed","template":"","meta":{"footnotes":""},"class_list":["post-35","page","type-page","status-publish","hentry"],"_links":{"self":[{"href":"https:\/\/hezarsahinsaat.com\/index.php?rest_route=\/wp\/v2\/pages\/35","targetHints":{"allow":["GET"]}}],"collection":[{"href":"https:\/\/hezarsahinsaat.com\/index.php?rest_route=\/wp\/v2\/pages"}],"about":[{"href":"https:\/\/hezarsahinsaat.com\/index.php?rest_route=\/wp\/v2\/types\/page"}],"author":[{"embeddable":true,"href":"https:\/\/hezarsahinsaat.com\/index.php?rest_route=\/wp\/v2\/users\/1"}],"replies":[{"embeddable":true,"href":"https:\/\/hezarsahinsaat.com\/index.php?rest_route=%2Fwp%2Fv2%2Fcomments&post=35"}],"version-history":[{"count":3,"href":"https:\/\/hezarsahinsaat.com\/index.php?rest_route=\/wp\/v2\/pages\/35\/revisions"}],"predecessor-version":[{"id":95,"href":"https:\/\/hezarsahinsaat.com\/index.php?rest_route=\/wp\/v2\/pages\/35\/revisions\/95"}],"wp:attachment":[{"href":"https:\/\/hezarsahinsaat.com\/index.php?rest_route=%2Fwp%2Fv2%2Fmedia&parent=35"}],"curies":[{"name":"wp","href":"https:\/\/api.w.org\/{rel}","templated":true}]}}