{"id":32,"date":"2024-12-09T20:30:38","date_gmt":"2024-12-09T20:30:38","guid":{"rendered":"https:\/\/hezarsahinsaat.com\/?page_id=32"},"modified":"2025-03-09T11:23:41","modified_gmt":"2025-03-09T11:23:41","slug":"projemizi-yerinde-gorun","status":"publish","type":"page","link":"https:\/\/hezarsahinsaat.com\/?page_id=32","title":{"rendered":"Projemizi yerinde g\u00f6r\u00fcn"},"content":{"rendered":"\n<div class=\"wp-block-group alignfull has-accent-4-background-color has-background is-vertical is-content-justification-center is-nowrap is-layout-flex wp-container-core-group-is-layout-3 wp-block-group-is-layout-flex\" style=\"min-height:100vh;margin-top:0;margin-bottom:0;padding-top:var(--wp--preset--spacing--50);padding-right:var(--wp--preset--spacing--50);padding-bottom:var(--wp--preset--spacing--50);padding-left:var(--wp--preset--spacing--50)\">\n<div class=\"wp-block-columns alignwide are-vertically-aligned-center is-layout-flex wp-container-core-columns-is-layout-1 wp-block-columns-is-layout-flex\">\n<div class=\"wp-block-column is-vertically-aligned-center is-layout-flow wp-block-column-is-layout-flow\" style=\"flex-basis:40%\">\n<div class=\"wp-block-group is-layout-flow wp-container-core-group-is-layout-2 wp-block-group-is-layout-flow\" style=\"min-height:100%;margin-top:0;margin-bottom:0;padding-right:0;padding-left:0\">\n<h1 class=\"wp-block-heading has-text-align-right\" style=\"margin-right:0;margin-left:calc( var(--wp--preset--spacing--20) * -1);font-size:clamp(5.174rem, 5.174rem + ((1vw - 0.2rem) * 11.377), 12rem);line-height:1;writing-mode:vertical-rl\">konut<\/h1>\n\n\n\n<div class=\"wp-block-group has-global-padding is-content-justification-left is-layout-constrained wp-container-core-group-is-layout-1 wp-block-group-is-layout-constrained\" style=\"padding-right:0;padding-left:0\">\n<p class=\"wp-container-content-1\">\u015eubat 2025&#8217;teki Hazar\u015fah \u0130n\u015faat ile hayal g\u00fcc\u00fc ve uzmanl\u0131\u011f\u0131n birle\u015fimini yeni Proje Lansman\u0131 i\u00e7in ofisimizde deneyimleyin.<\/p>\n\n\n\n<div class=\"wp-block-buttons is-layout-flex wp-block-buttons-is-layout-flex\">\n<div class=\"wp-block-button\"><a class=\"wp-block-button__link wp-element-button\" href=\"https:\/\/hezarsahinsaat.com\/?page_id=41\">Yerinizi ay\u0131rt\u0131n<\/a><\/div>\n<\/div>\n<\/div>\n<\/div>\n<\/div>\n\n\n\n<div class=\"wp-block-column is-vertically-aligned-top is-layout-flow wp-block-column-is-layout-flow\" style=\"flex-basis:60%\">\n<figure class=\"wp-block-image size-large is-style-rounded is-style-rounded--1\"><img decoding=\"async\" src=\"https:\/\/hezarsahinsaat.com\/wp-content\/themes\/twentytwentyfour\/assets\/images\/green-staircase.webp\" alt=\"Western Universitesi, Londra, Kanada'daki ye\u015fil merdivenler\" style=\"aspect-ratio:3\/4;object-fit:cover\"\/><\/figure>\n<\/div>\n<\/div>\n<\/div>\n\n\n\n<div class=\"wp-block-cover\"><span aria-hidden=\"true\" class=\"wp-block-cover__background has-background-dim\"><\/span><img loading=\"lazy\" decoding=\"async\" width=\"600\" height=\"800\" class=\"wp-block-cover__image-background wp-image-84\" alt=\"\" src=\"https:\/\/hezarsahinsaat.com\/wp-content\/uploads\/2025\/02\/WhatsApp-Image-2025-02-08-at-15.02.26-1-edited.jpeg\" data-object-fit=\"cover\" srcset=\"https:\/\/hezarsahinsaat.com\/wp-content\/uploads\/2025\/02\/WhatsApp-Image-2025-02-08-at-15.02.26-1-edited.jpeg 600w, https:\/\/hezarsahinsaat.com\/wp-content\/uploads\/2025\/02\/WhatsApp-Image-2025-02-08-at-15.02.26-1-edited-225x300.jpeg 225w\" sizes=\"auto, (max-width: 600px) 100vw, 600px\" \/><div class=\"wp-block-cover__inner-container is-layout-flow wp-block-cover-is-layout-flow\">\n<p class=\"has-text-align-center has-base-2-color has-text-color has-link-color has-system-serif-font-family has-large-font-size wp-elements-f809e449e1c7a27b2edeb2f8eadada39\" style=\"margin-top:0;margin-right:var(--wp--preset--spacing--10);margin-bottom:0;margin-left:var(--wp--preset--spacing--10)\">Sizler ofisimizde \u00e7ok renkli anlar ya\u015farken,<\/p>\n\n\n\n<p class=\"has-text-align-center has-base-2-color has-text-color has-link-color has-system-serif-font-family has-large-font-size wp-elements-71c21ce8852ece18541a3e274d2401c1\" style=\"margin-top:0;margin-right:var(--wp--preset--spacing--10);margin-bottom:0;margin-left:var(--wp--preset--spacing--10)\">bizler ya\u015fam alanlar\u0131n\u0131z\u0131 projelendirece\u011fiz <\/p>\n<\/div><\/div>\n\n\n\n<p><\/p>\n","protected":false},"excerpt":{"rendered":"<p>konut \u015eubat 2025&#8217;teki Hazar\u015fah \u0130n\u015faat ile hayal g\u00fcc\u00fc ve uzmanl\u0131\u011f\u0131n birle\u015fimini yeni Proje Lansman\u0131 i\u00e7in ofisimizde deneyimleyin.<\/p>\n","protected":false},"author":1,"featured_media":0,"parent":0,"menu_order":0,"comment_status":"closed","ping_status":"closed","template":"","meta":{"footnotes":""},"class_list":["post-32","page","type-page","status-publish","hentry"],"_links":{"self":[{"href":"https:\/\/hezarsahinsaat.com\/index.php?rest_route=\/wp\/v2\/pages\/32","targetHints":{"allow":["GET"]}}],"collection":[{"href":"https:\/\/hezarsahinsaat.com\/index.php?rest_route=\/wp\/v2\/pages"}],"about":[{"href":"https:\/\/hezarsahinsaat.com\/index.php?rest_route=\/wp\/v2\/types\/page"}],"author":[{"embeddable":true,"href":"https:\/\/hezarsahinsaat.com\/index.php?rest_route=\/wp\/v2\/users\/1"}],"replies":[{"embeddable":true,"href":"https:\/\/hezarsahinsaat.com\/index.php?rest_route=%2Fwp%2Fv2%2Fcomments&post=32"}],"version-history":[{"count":5,"href":"https:\/\/hezarsahinsaat.com\/index.php?rest_route=\/wp\/v2\/pages\/32\/revisions"}],"predecessor-version":[{"id":110,"href":"https:\/\/hezarsahinsaat.com\/index.php?rest_route=\/wp\/v2\/pages\/32\/revisions\/110"}],"wp:attachment":[{"href":"https:\/\/hezarsahinsaat.com\/index.php?rest_route=%2Fwp%2Fv2%2Fmedia&parent=32"}],"curies":[{"name":"wp","href":"https:\/\/api.w.org\/{rel}","templated":true}]}}