{"id":29,"date":"2024-12-09T20:28:30","date_gmt":"2024-12-09T20:28:30","guid":{"rendered":"https:\/\/hezarsahinsaat.com\/?page_id=29"},"modified":"2025-03-09T11:02:02","modified_gmt":"2025-03-09T11:02:02","slug":"ozgun-bir-seruven","status":"publish","type":"page","link":"https:\/\/hezarsahinsaat.com\/?page_id=29","title":{"rendered":"\u00d6zg\u00fcn bir Ser\u00fcven"},"content":{"rendered":"\n<div class=\"wp-block-group alignfull has-accent-2-background-color has-background has-global-padding is-layout-constrained wp-container-core-group-is-layout-1 wp-block-group-is-layout-constrained\" style=\"margin-top:0;margin-bottom:0;padding-top:var(--wp--preset--spacing--50);padding-right:var(--wp--preset--spacing--50);padding-bottom:var(--wp--preset--spacing--50);padding-left:var(--wp--preset--spacing--50)\">\n<div class=\"wp-block-columns alignwide is-layout-flex wp-container-core-columns-is-layout-1 wp-block-columns-is-layout-flex\">\n<div class=\"wp-block-column is-layout-flow wp-block-column-is-layout-flow\" style=\"flex-basis:40%\">\n<p class=\"wp-container-content-1\">Sanat galerisi \u2014 Genel g\u00f6r\u00fcn\u00fcm<\/p>\n<\/div>\n\n\n\n<div class=\"wp-block-column is-layout-flow wp-block-column-is-layout-flow\" style=\"flex-basis:60%\">\n<p class=\"has-heading-font-family has-x-large-font-size\" style=\"line-height:1.2\">Bu d\u00f6n\u00fc\u015ft\u00fcr\u00fcc\u00fc proje, \u015fehrin zengin k\u00fclt\u00fcrel miras\u0131n\u0131 korurken altyap\u0131s\u0131n\u0131, eri\u015filebilirli\u011fini ve ya\u015fam alanlar\u0131n\u0131 geli\u015ftirmeyi ama\u00e7l\u0131yor.<\/p>\n<\/div>\n<\/div>\n\n\n\n<div style=\"height:var(--wp--preset--spacing--40)\" aria-hidden=\"true\" class=\"wp-block-spacer\"><\/div>\n\n\n\n<figure class=\"wp-block-image alignwide size-large is-style-rounded is-style-rounded--1\"><img decoding=\"async\" src=\"https:\/\/hezarsahinsaat.com\/wp-content\/themes\/twentytwentyfour\/assets\/images\/hotel-facade.webp\" alt=\"Hyatt Regency San Francisco, San Francisco, Amerika Birle\u015fik Devletleri\"\/><\/figure>\n<\/div>\n\n\n\n<div class=\"wp-block-group alignfull has-base-background-color has-background has-global-padding is-layout-constrained wp-container-core-group-is-layout-2 wp-block-group-is-layout-constrained\" style=\"margin-top:0;margin-bottom:0;padding-top:var(--wp--preset--spacing--50);padding-right:var(--wp--preset--spacing--50);padding-bottom:var(--wp--preset--spacing--50);padding-left:var(--wp--preset--spacing--50)\">\n<div class=\"wp-block-columns alignwide is-layout-flex wp-container-core-columns-is-layout-3 wp-block-columns-is-layout-flex\">\n<div class=\"wp-block-column has-global-padding is-content-justification-left is-layout-constrained wp-container-core-column-is-layout-3 wp-block-column-is-layout-constrained\" style=\"flex-basis:40%\">\n<p>Hazar\u015fah \u0130n\u015faat, k\u00fclt\u00fcrel manzaray\u0131 yeniden tan\u0131ml\u0131yor.<\/p>\n<\/div>\n\n\n\n<div class=\"wp-block-column is-layout-flow wp-container-core-column-is-layout-6 wp-block-column-is-layout-flow\" style=\"flex-basis:60%\">\n<p class=\"has-heading-font-family has-x-large-font-size\" style=\"line-height:1.2\">Detaylara b\u00fcy\u00fck bir titizlikle dikkat etme ve m\u00fckemmelli\u011fe olan ba\u011fl\u0131l\u0131\u011f\u0131m\u0131zla, i\u00e7inde ya\u015fayanlar\u0131n hayatlar\u0131na ilham veren, y\u00fckselten ve zenginle\u015ftiren alanlar yarat\u0131yoruz.<\/p>\n\n\n\n<div class=\"wp-block-columns is-layout-flex wp-container-core-columns-is-layout-2 wp-block-columns-is-layout-flex\">\n<div class=\"wp-block-column is-layout-flow wp-block-column-is-layout-flow\">\n<p class=\"wp-container-content-2\">Ev asl\u0131nda sadece bir bar\u0131nma ihtiyac\u0131n\u0131 kar\u015f\u0131lam\u0131yor firmam\u0131z\u0131n g\u00f6z\u00fcnde&#8230;<\/p>\n<\/div>\n\n\n\n<div class=\"wp-block-column is-layout-flow wp-block-column-is-layout-flow\">\n<p>Ya\u015fam\u0131n, do\u011fan\u0131n ve payla\u015fman\u0131n s\u00fcregeldi\u011fi, geli\u015fti\u011fi ve daha b\u00fcy\u00fck anlamlara d\u00f6n\u00fc\u015ft\u00fc\u011f\u00fc daha s\u0131cak ve anlaml\u0131 renklerin ya\u015fad\u0131\u011f\u0131 yerdir.<\/p>\n<\/div>\n<\/div>\n<\/div>\n<\/div>\n<\/div>\n\n\n\n<div class=\"wp-block-cover alignfull is-light has-parallax\" style=\"padding-top:var(--wp--preset--spacing--50);padding-right:var(--wp--preset--spacing--50);padding-bottom:var(--wp--preset--spacing--50);padding-left:var(--wp--preset--spacing--50);min-height:100vh;aspect-ratio:unset;\"><span aria-hidden=\"true\" class=\"wp-block-cover__background has-base-background-color has-background-dim-0 has-background-dim\"><\/span><div class=\"wp-block-cover__image-background has-parallax\" style=\"background-position:50% 50%;background-image:url(https:\/\/hezarsahinsaat.com\/wp-content\/themes\/twentytwentyfour\/assets\/images\/art-gallery.webp)\"><\/div><div class=\"wp-block-cover__inner-container has-global-padding is-layout-constrained wp-container-core-cover-is-layout-1 wp-block-cover-is-layout-constrained\">\n<div style=\"height:500px\" aria-hidden=\"true\" class=\"wp-block-spacer\"><\/div>\n<\/div><\/div>\n\n\n\n<div class=\"wp-block-group alignfull has-base-2-background-color has-background has-global-padding is-layout-constrained wp-container-core-group-is-layout-4 wp-block-group-is-layout-constrained\" style=\"margin-top:0;margin-bottom:0;padding-top:var(--wp--preset--spacing--60);padding-right:var(--wp--preset--spacing--60);padding-bottom:var(--wp--preset--spacing--60);padding-left:var(--wp--preset--spacing--60)\">\n<div class=\"wp-block-group alignwide is-layout-flow wp-block-group-is-layout-flow\">\n<div style=\"height:var(--wp--preset--spacing--50)\" aria-hidden=\"true\" class=\"wp-block-spacer\"><\/div>\n\n\n\n<p class=\"has-text-align-center has-heading-font-family has-x-large-font-size\" style=\"font-style:normal;font-weight:400;line-height:1.2\">Hazar\u015fah &#8220;ge\u00e7mi\u015fle s\u0131n\u0131rl\u0131 de\u011fil &#8211; d\u00fcnyam\u0131z\u0131 bug\u00fcn \u015fekillendiren son teknoloji tasar\u0131mlara tutkulu bir ilgi duyuyoruz.&#8221;<\/p>\n\n\n\n<div style=\"height:var(--wp--preset--spacing--50)\" aria-hidden=\"true\" class=\"wp-block-spacer\"><\/div>\n<\/div>\n<\/div>\n\n\n\n<div class=\"wp-block-group alignfull has-base-2-color has-contrast-background-color has-text-color has-background has-link-color wp-elements-dcb8fbefa898c505172a77cdc1d48de8 has-global-padding is-layout-constrained wp-container-core-group-is-layout-8 wp-block-group-is-layout-constrained\" style=\"margin-top:0;margin-bottom:0;padding-top:var(--wp--preset--spacing--50);padding-right:var(--wp--preset--spacing--50);padding-bottom:var(--wp--preset--spacing--50);padding-left:var(--wp--preset--spacing--50)\">\n<div class=\"wp-block-columns alignwide is-layout-flex wp-container-core-columns-is-layout-4 wp-block-columns-is-layout-flex\">\n<div class=\"wp-block-column is-vertically-aligned-stretch is-layout-flow wp-block-column-is-layout-flow\" style=\"padding-right:0;flex-basis:60%\">\n<div class=\"wp-block-group is-vertical is-content-justification-stretch is-layout-flex wp-container-core-group-is-layout-5 wp-block-group-is-layout-flex\" style=\"min-height:100%\">\n<figure class=\"wp-block-image size-large is-style-rounded is-style-rounded--2\"><img decoding=\"async\" src=\"https:\/\/hezarsahinsaat.com\/wp-content\/themes\/twentytwentyfour\/assets\/images\/angular-roof.webp\" alt=\"Darling Liman\u0131, Sidney, Avustralya'da a\u00e7\u0131l\u0131 bir \u00e7at\u0131n\u0131n alt\u0131nda bo\u015f bir merdiven\" style=\"aspect-ratio:9\/16;object-fit:cover\"\/><\/figure>\n\n\n\n<p class=\"has-medium-font-size\">Hazar\u015fah \u0130n\u015faat arac\u0131l\u0131\u011f\u0131yla, mimari s\u0131n\u0131rlar\u0131 yeniden tan\u0131mlamay\u0131 ve yap\u0131sal \u00e7evrede silinmez bir iz b\u0131rakan yeni bir tasar\u0131m m\u00fckemmelli\u011fi \u00e7a\u011f\u0131n\u0131 ba\u015flatmay\u0131 ama\u00e7l\u0131yoruz.<\/p>\n<\/div>\n<\/div>\n\n\n\n<div class=\"wp-block-column is-layout-flow wp-block-column-is-layout-flow\" style=\"flex-basis:40%\">\n<div class=\"wp-block-group has-global-padding is-layout-constrained wp-block-group-is-layout-constrained\">\n<p class=\"has-large-font-size\" style=\"font-style:normal;font-weight:500;line-height:1.2\">Kapsaml\u0131 profesyonel hizmet paketimiz, ev sahiplerinden ticari geli\u015ftiricilere kadar \u00e7ok \u00e7e\u015fitli m\u00fc\u015fterilere hitap etmektedir. Yenilik ve s\u00fcrd\u00fcr\u00fclebilirli\u011fe olan ba\u011fl\u0131l\u0131\u011f\u0131yla Hazar\u015fah \u0130n\u015faat, mimari hayalleri dikkat \u00e7ekici ger\u00e7ek yap\u0131lara d\u00f6n\u00fc\u015ft\u00fcren k\u00f6pr\u00fcd\u00fcr.<\/p>\n\n\n\n<div style=\"height:var(--wp--preset--spacing--40)\" aria-hidden=\"true\" class=\"wp-block-spacer\"><\/div>\n\n\n\n<div class=\"wp-block-group is-layout-flow wp-block-group-is-layout-flow\">\n<p class=\"has-medium-font-size\">2. Sanat\u0131 ve esteti\u011fi \u00f6ven vaka \u00e7al\u0131\u015fmalar\u0131 merak\u0131 k\u00f6r\u00fckleyebilir ve ilham\u0131 ate\u015fleyebilir.<\/p>\n\n\n\n<figure class=\"wp-block-image size-large is-style-rounded is-style-rounded--3\"><img decoding=\"async\" src=\"https:\/\/hezarsahinsaat.com\/wp-content\/themes\/twentytwentyfour\/assets\/images\/art-gallery.webp\" alt=\"Ontario, Toronto, Kanada sanat galerisi\" style=\"aspect-ratio:9\/16;object-fit:cover\"\/><\/figure>\n<\/div>\n<\/div>\n<\/div>\n<\/div>\n<\/div>\n\n\n\n<p><\/p>\n","protected":false},"excerpt":{"rendered":"<p>Sanat galerisi \u2014 Genel g\u00f6r\u00fcn\u00fcm Bu d\u00f6n\u00fc\u015ft\u00fcr\u00fcc\u00fc proje, \u015fehrin zengin k\u00fclt\u00fcrel miras\u0131n\u0131 korurken altyap\u0131s\u0131n\u0131, eri\u015filebilirli\u011fini ve ya\u015fam alanlar\u0131n\u0131 geli\u015ftirmeyi ama\u00e7l\u0131yor. Hazar\u015fah \u0130n\u015faat, k\u00fclt\u00fcrel manzaray\u0131 yeniden tan\u0131ml\u0131yor. Detaylara b\u00fcy\u00fck bir titizlikle dikkat etme ve m\u00fckemmelli\u011fe olan ba\u011fl\u0131l\u0131\u011f\u0131m\u0131zla, i\u00e7inde ya\u015fayanlar\u0131n hayatlar\u0131na ilham veren, y\u00fckselten ve zenginle\u015ftiren alanlar yarat\u0131yoruz. Ev asl\u0131nda sadece bir bar\u0131nma ihtiyac\u0131n\u0131 kar\u015f\u0131lam\u0131yor firmam\u0131z\u0131n g\u00f6z\u00fcnde&#8230; [&hellip;]<\/p>\n","protected":false},"author":1,"featured_media":0,"parent":0,"menu_order":0,"comment_status":"closed","ping_status":"closed","template":"","meta":{"footnotes":""},"class_list":["post-29","page","type-page","status-publish","hentry"],"_links":{"self":[{"href":"https:\/\/hezarsahinsaat.com\/index.php?rest_route=\/wp\/v2\/pages\/29","targetHints":{"allow":["GET"]}}],"collection":[{"href":"https:\/\/hezarsahinsaat.com\/index.php?rest_route=\/wp\/v2\/pages"}],"about":[{"href":"https:\/\/hezarsahinsaat.com\/index.php?rest_route=\/wp\/v2\/types\/page"}],"author":[{"embeddable":true,"href":"https:\/\/hezarsahinsaat.com\/index.php?rest_route=\/wp\/v2\/users\/1"}],"replies":[{"embeddable":true,"href":"https:\/\/hezarsahinsaat.com\/index.php?rest_route=%2Fwp%2Fv2%2Fcomments&post=29"}],"version-history":[{"count":4,"href":"https:\/\/hezarsahinsaat.com\/index.php?rest_route=\/wp\/v2\/pages\/29\/revisions"}],"predecessor-version":[{"id":101,"href":"https:\/\/hezarsahinsaat.com\/index.php?rest_route=\/wp\/v2\/pages\/29\/revisions\/101"}],"wp:attachment":[{"href":"https:\/\/hezarsahinsaat.com\/index.php?rest_route=%2Fwp%2Fv2%2Fmedia&parent=29"}],"curies":[{"name":"wp","href":"https:\/\/api.w.org\/{rel}","templated":true}]}}