{"id":23,"date":"2024-12-09T20:21:34","date_gmt":"2024-12-09T20:21:34","guid":{"rendered":"https:\/\/hezarsahinsaat.com\/?page_id=23"},"modified":"2025-02-08T12:28:47","modified_gmt":"2025-02-08T12:28:47","slug":"23-2","status":"publish","type":"page","link":"https:\/\/hezarsahinsaat.com\/?page_id=23","title":{"rendered":"Mimari Projeler-\u00d6zg\u00fcn"},"content":{"rendered":"\n<div class=\"wp-block-group alignfull has-accent-background-color has-background has-global-padding is-layout-constrained wp-container-core-group-is-layout-3 wp-block-group-is-layout-constrained\" style=\"margin-top:0;margin-bottom:0;padding-top:var(--wp--preset--spacing--50);padding-right:var(--wp--preset--spacing--50);padding-bottom:var(--wp--preset--spacing--50);padding-left:var(--wp--preset--spacing--50)\">\n<div class=\"wp-block-columns alignwide is-layout-flex wp-container-core-columns-is-layout-1 wp-block-columns-is-layout-flex\">\n<div class=\"wp-block-column is-vertically-aligned-stretch is-layout-flow wp-block-column-is-layout-flow\" style=\"flex-basis:50%\">\n<div class=\"wp-block-group is-vertical is-content-justification-stretch is-layout-flex wp-container-core-group-is-layout-2 wp-block-group-is-layout-flex\" style=\"min-height:100%\">\n<p class=\"has-heading-font-family has-x-large-font-size\" style=\"line-height:1.2\">Hazar\u015fah \u0130n\u015faat, kapsaml\u0131 dan\u0131\u015fmanl\u0131k, y\u00f6netim, tasar\u0131m ve ara\u015ft\u0131rma \u00e7\u00f6z\u00fcmleri sunar. Her mimari giri\u015fim, gelece\u011fi \u015fekillendirme f\u0131rsat\u0131d\u0131r.<\/p>\n\n\n\n<div class=\"wp-block-group has-global-padding is-content-justification-left is-layout-constrained wp-container-core-group-is-layout-1 wp-block-group-is-layout-constrained\">\n<p class=\"wp-container-content-1\">Yar\u0131n\u0131n manzaras\u0131na silinmez bir iz b\u0131rakmak.<\/p>\n\n\n\n<div class=\"wp-block-buttons is-layout-flex wp-block-buttons-is-layout-flex\">\n<div class=\"wp-block-button\"><a class=\"wp-block-button__link wp-element-button\">Hakk\u0131m\u0131zda<\/a><\/div>\n<\/div>\n<\/div>\n<\/div>\n<\/div>\n\n\n\n<div class=\"wp-block-column is-vertically-aligned-center is-layout-flow wp-block-column-is-layout-flow\" style=\"flex-basis:50%\">\n<figure class=\"wp-block-image size-large is-style-rounded is-style-rounded--1\"><img decoding=\"async\" src=\"https:\/\/hezarsahinsaat.com\/wp-content\/themes\/twentytwentyfour\/assets\/images\/museum.webp\" alt=\"Kiasma M\u00fczesi'nde kavisli bir duvar boyunca bir rampa, Helsinki, Finlandiya\" style=\"aspect-ratio:3\/4;object-fit:cover\"\/><\/figure>\n<\/div>\n<\/div>\n<\/div>\n\n\n\n<div class=\"wp-block-group alignfull has-base-background-color has-background has-global-padding is-layout-constrained wp-container-core-group-is-layout-4 wp-block-group-is-layout-constrained\" style=\"margin-top:0;margin-bottom:0;padding-top:var(--wp--preset--spacing--50);padding-right:var(--wp--preset--spacing--50);padding-bottom:var(--wp--preset--spacing--50);padding-left:var(--wp--preset--spacing--50)\">\n<div class=\"wp-block-columns alignwide is-layout-flex wp-container-core-columns-is-layout-3 wp-block-columns-is-layout-flex\">\n<div class=\"wp-block-column has-global-padding is-content-justification-left is-layout-constrained wp-container-core-column-is-layout-3 wp-block-column-is-layout-constrained\" style=\"flex-basis:40%\">\n<p>Canland\u0131r\u0131lm\u0131\u015f sanat in\u015faatta ve yap\u0131larda, k\u00fclt\u00fcrel manzaray\u0131 yeniden tan\u0131ml\u0131yor.<\/p>\n<\/div>\n\n\n\n<div class=\"wp-block-column is-layout-flow wp-container-core-column-is-layout-6 wp-block-column-is-layout-flow\" style=\"flex-basis:60%\">\n<p class=\"has-heading-font-family has-x-large-font-size\" style=\"line-height:1.2\">Detaylara b\u00fcy\u00fck bir titizlikle dikkat etme ve m\u00fckemmelli\u011fe olan ba\u011fl\u0131l\u0131\u011f\u0131m\u0131zla, i\u00e7inde ya\u015fayanlar\u0131n hayatlar\u0131na ilham veren, y\u00fckselten ve zenginle\u015ftiren alanlar yarat\u0131yoruz.<\/p>\n\n\n\n<div class=\"wp-block-columns is-layout-flex wp-container-core-columns-is-layout-2 wp-block-columns-is-layout-flex\">\n<div class=\"wp-block-column is-layout-flow wp-block-column-is-layout-flow\">\n<p class=\"wp-container-content-2\">Yeniden canland\u0131r\u0131lan in\u015faat ve yap\u0131lar, do\u011fa ve k\u00fclt\u00fcr manzaras\u0131n\u0131 yeniden tan\u0131mlamaya haz\u0131rlan\u0131yor ve sanatsal ifadenin, topluluk kat\u0131l\u0131m\u0131n\u0131n ve mimari harikan\u0131n bir ba\u011flant\u0131 noktas\u0131 olarak hizmet ediyor. Geni\u015fletme ve yenileme projesi, Do\u011fan\u0131n ve ya\u015fam\u0131n zengin tarihine sayg\u0131 duru\u015funda bulunurken gelece\u011fi de kucakl\u0131yor ve mimarinin bir ilham kayna\u011f\u0131 olarak kalmas\u0131n\u0131 sa\u011fl\u0131yor.<\/p>\n<\/div>\n\n\n\n<div class=\"wp-block-column is-layout-flow wp-block-column-is-layout-flow\">\n<p>Hazar\u015fah \u0130n\u015faat, mutlu aileler ve huzurlu yuvalar kurman\u0131n en b\u00fcy\u00fck kazan\u00e7 ve d\u00fcnyan\u0131n en b\u00fcy\u00fck gereksinimi oldu\u011funu biliyor. Bu sebeple Anahtar teslim in\u015faat faaliyetlerinde ve kentsel d\u00f6\u00fcn\u00fc\u015f\u00fcm projelerinde yap\u0131 ve mimarinin i\u00e7ine bolca sanat ve g\u00f6rsel ziyafetler serpi\u015ftiriyor.<\/p>\n<\/div>\n<\/div>\n<\/div>\n<\/div>\n<\/div>\n\n\n\n<div class=\"wp-block-group alignfull has-accent-5-background-color has-background has-global-padding is-layout-constrained wp-container-core-group-is-layout-5 wp-block-group-is-layout-constrained\" style=\"margin-top:0;margin-bottom:0;padding-top:var(--wp--preset--spacing--50);padding-right:var(--wp--preset--spacing--50);padding-bottom:var(--wp--preset--spacing--50);padding-left:var(--wp--preset--spacing--50)\">\n<div class=\"wp-block-columns alignwide is-layout-flex wp-container-core-columns-is-layout-4 wp-block-columns-is-layout-flex\">\n<div class=\"wp-block-column is-vertically-aligned-center is-layout-flow wp-block-column-is-layout-flow\" style=\"flex-basis:60%\">\n<figure class=\"wp-block-image size-full is-style-rounded wp-duotone-duotone-1 is-style-rounded--2\"><img decoding=\"async\" src=\"https:\/\/hezarsahinsaat.com\/wp-content\/themes\/twentytwentyfour\/assets\/images\/abstract-geometric-art.webp\" alt=\"Dresden, Almanya'dan beyaz soyut geometrik sanat eserleri\" style=\"aspect-ratio:4\/3;object-fit:cover\"\/><\/figure>\n<\/div>\n\n\n\n<div class=\"wp-block-column is-layout-flow wp-block-column-is-layout-flow\" style=\"flex-basis:40%\">\n<h2 class=\"wp-block-heading\">Proje boyunca i\u015fletmenize rehberlik<\/h2>\n\n\n\n<p>Etraf\u0131m\u0131zdaki d\u00fcnyay\u0131 zenginle\u015ftiren mimari d\u00f6n\u00fc\u015f\u00fcmlerin kataliz\u00f6r\u00fc olan Hazar\u015fah \u0130n\u015faat ile hayal g\u00fcc\u00fc ve uzmanl\u0131\u011f\u0131n birle\u015fimini deneyimleyin.<\/p>\n\n\n\n<div class=\"wp-block-buttons is-layout-flex wp-block-buttons-is-layout-flex\">\n<div class=\"wp-block-button\"><a class=\"wp-block-button__link wp-element-button\">Hizmetlerimiz<\/a><\/div>\n<\/div>\n<\/div>\n<\/div>\n<\/div>\n\n\n\n<div class=\"wp-block-group alignfull has-global-padding is-layout-constrained wp-container-core-group-is-layout-11 wp-block-group-is-layout-constrained\" style=\"margin-top:0;margin-bottom:0;padding-top:var(--wp--preset--spacing--50);padding-right:var(--wp--preset--spacing--50);padding-bottom:var(--wp--preset--spacing--50);padding-left:var(--wp--preset--spacing--50)\">\n<div class=\"wp-block-group is-vertical is-content-justification-center is-layout-flex wp-container-core-group-is-layout-6 wp-block-group-is-layout-flex\">\n<h2 class=\"wp-block-heading has-text-align-center has-xx-large-font-size\">Ekibimizle tan\u0131\u015f\u0131n<\/h2>\n\n\n\n<p class=\"has-text-align-center\">Kapsaml\u0131 profesyonel ekibimiz, deneyimli mimarlardan \u00fcnl\u00fc m\u00fchendislere kadar geni\u015f bir gruba hitap etmektedir.<\/p>\n<\/div>\n\n\n\n<div style=\"height:var(--wp--preset--spacing--30)\" aria-hidden=\"true\" class=\"wp-block-spacer\"><\/div>\n\n\n\n<div class=\"wp-block-columns alignwide is-layout-flex wp-container-core-columns-is-layout-5 wp-block-columns-is-layout-flex\" style=\"padding-right:0;padding-left:0\">\n<div class=\"wp-block-column is-layout-flow wp-block-column-is-layout-flow\">\n\n\n<div class=\"wp-block-group is-vertical is-content-justification-center is-nowrap is-layout-flex wp-container-core-group-is-layout-7 wp-block-group-is-layout-flex\">\n<p class=\"has-text-align-center has-small-font-size\"><strong>Osman An\u0131k<\/strong><\/p>\n\n\n\n<p class=\"has-text-align-center has-small-font-size\">Kurucu, CEO<\/p>\n<\/div>\n<\/div>\n\n\n\n<div class=\"wp-block-column is-layout-flow wp-block-column-is-layout-flow\">\n\n\n<div class=\"wp-block-group is-vertical is-content-justification-center is-nowrap is-layout-flex wp-container-core-group-is-layout-8 wp-block-group-is-layout-flex\">\n<p class=\"has-text-align-center has-small-font-size\"><strong>Yadin A\u0131nk<\/strong><\/p>\n\n\n\n<p class=\"has-text-align-center has-small-font-size\">Proje kordinat\u00f6r\u00fc<\/p>\n<\/div>\n<\/div>\n\n\n\n<div class=\"wp-block-column is-layout-flow wp-block-column-is-layout-flow\">\n\n\n<div class=\"wp-block-group is-vertical is-content-justification-center is-nowrap is-layout-flex wp-container-core-group-is-layout-9 wp-block-group-is-layout-flex\">\n<p class=\"has-text-align-center has-small-font-size\"><strong>Kerim Aky\u00fcz<\/strong><\/p>\n\n\n\n<p class=\"has-text-align-center has-small-font-size\">Sanat Y\u00f6netmeni<\/p>\n<\/div>\n<\/div>\n\n\n\n<div class=\"wp-block-column is-layout-flow wp-block-column-is-layout-flow\">\n\n\n<div class=\"wp-block-group is-vertical is-content-justification-center is-nowrap is-layout-flex wp-container-core-group-is-layout-10 wp-block-group-is-layout-flex\">\n<p class=\"has-text-align-center has-small-font-size\"><strong>Murat An\u0131k<\/strong><\/p>\n\n\n\n<p class=\"has-text-align-center has-small-font-size\">Proje y\u00f6neticisi<\/p>\n<\/div>\n<\/div>\n<\/div>\n<\/div>\n\n\n\n<div class=\"wp-block-group alignfull has-global-padding is-layout-constrained wp-container-core-group-is-layout-12 wp-block-group-is-layout-constrained\" style=\"margin-top:0;margin-bottom:0;padding-top:var(--wp--preset--spacing--50);padding-right:var(--wp--preset--spacing--50);padding-bottom:var(--wp--preset--spacing--50);padding-left:var(--wp--preset--spacing--50)\">\n<div class=\"wp-block-columns alignwide are-vertically-aligned-center is-layout-flex wp-container-core-columns-is-layout-6 wp-block-columns-is-layout-flex\">\n<div class=\"wp-block-column is-vertically-aligned-center is-layout-flow wp-block-column-is-layout-flow\" style=\"flex-basis:50%\">\n<h2 class=\"wp-block-heading\">Hazar\u015fah MiPO uygulamas\u0131yla mimari yolculu\u011funuzu geli\u015ftirin.<\/h2>\n\n\n\n<ul style=\"line-height:1.75\" class=\"wp-block-list is-style-checkmark-list\">\n<li>Di\u011fer mimarlarla i\u015fbirli\u011fi yap\u0131n.<\/li>\n\n\n\n<li>Projelerinizi tan\u0131t\u0131n.<\/li>\n\n\n\n<li>Mimarl\u0131k d\u00fcnyas\u0131n\u0131 deneyimleyin.<\/li>\n<\/ul>\n\n\n\n<div class=\"wp-block-buttons is-layout-flex wp-block-buttons-is-layout-flex\">\n<div class=\"wp-block-button\"><a class=\"wp-block-button__link wp-element-button\">Uygulamay\u0131 indir<\/a><\/div>\n\n\n\n<div class=\"wp-block-button is-style-outline is-style-outline--7\"><a class=\"wp-block-button__link wp-element-button\">Nas\u0131l \u00e7al\u0131\u015f\u0131r<\/a><\/div>\n<\/div>\n<\/div>\n\n\n\n<div class=\"wp-block-column is-vertically-aligned-center is-layout-flow wp-block-column-is-layout-flow\" style=\"flex-basis:50%\">\n<figure class=\"wp-block-image size-full is-style-rounded is-style-rounded--8\"><img decoding=\"async\" src=\"https:\/\/hezarsahinsaat.com\/wp-content\/themes\/twentytwentyfour\/assets\/images\/abstract-geometric-art.webp\" alt=\"Dresden, Almanya'dan beyaz soyut geometrik sanat eserleri\" style=\"aspect-ratio:4\/3;object-fit:cover\"\/><\/figure>\n<\/div>\n<\/div>\n<\/div>\n\n\n\n<p><\/p>\n","protected":false},"excerpt":{"rendered":"<p>Hazar\u015fah \u0130n\u015faat, kapsaml\u0131 dan\u0131\u015fmanl\u0131k, y\u00f6netim, tasar\u0131m ve ara\u015ft\u0131rma \u00e7\u00f6z\u00fcmleri sunar. Her mimari giri\u015fim, gelece\u011fi \u015fekillendirme f\u0131rsat\u0131d\u0131r. Yar\u0131n\u0131n manzaras\u0131na silinmez bir iz b\u0131rakmak. Canland\u0131r\u0131lm\u0131\u015f sanat in\u015faatta ve yap\u0131larda, k\u00fclt\u00fcrel manzaray\u0131 yeniden tan\u0131ml\u0131yor. Detaylara b\u00fcy\u00fck bir titizlikle dikkat etme ve m\u00fckemmelli\u011fe olan ba\u011fl\u0131l\u0131\u011f\u0131m\u0131zla, i\u00e7inde ya\u015fayanlar\u0131n hayatlar\u0131na ilham veren, y\u00fckselten ve zenginle\u015ftiren alanlar yarat\u0131yoruz. Yeniden canland\u0131r\u0131lan in\u015faat ve [&hellip;]<\/p>\n","protected":false},"author":1,"featured_media":0,"parent":0,"menu_order":0,"comment_status":"closed","ping_status":"closed","template":"","meta":{"footnotes":""},"class_list":["post-23","page","type-page","status-publish","hentry"],"_links":{"self":[{"href":"https:\/\/hezarsahinsaat.com\/index.php?rest_route=\/wp\/v2\/pages\/23","targetHints":{"allow":["GET"]}}],"collection":[{"href":"https:\/\/hezarsahinsaat.com\/index.php?rest_route=\/wp\/v2\/pages"}],"about":[{"href":"https:\/\/hezarsahinsaat.com\/index.php?rest_route=\/wp\/v2\/types\/page"}],"author":[{"embeddable":true,"href":"https:\/\/hezarsahinsaat.com\/index.php?rest_route=\/wp\/v2\/users\/1"}],"replies":[{"embeddable":true,"href":"https:\/\/hezarsahinsaat.com\/index.php?rest_route=%2Fwp%2Fv2%2Fcomments&post=23"}],"version-history":[{"count":4,"href":"https:\/\/hezarsahinsaat.com\/index.php?rest_route=\/wp\/v2\/pages\/23\/revisions"}],"predecessor-version":[{"id":76,"href":"https:\/\/hezarsahinsaat.com\/index.php?rest_route=\/wp\/v2\/pages\/23\/revisions\/76"}],"wp:attachment":[{"href":"https:\/\/hezarsahinsaat.com\/index.php?rest_route=%2Fwp%2Fv2%2Fmedia&parent=23"}],"curies":[{"name":"wp","href":"https:\/\/api.w.org\/{rel}","templated":true}]}}