{"id":2,"date":"2024-12-09T20:02:26","date_gmt":"2024-12-09T20:02:26","guid":{"rendered":"http:\/\/hezarsahinsaat.com\/?page_id=2"},"modified":"2025-03-09T10:58:05","modified_gmt":"2025-03-09T10:58:05","slug":"sample-page","status":"publish","type":"page","link":"https:\/\/hezarsahinsaat.com\/?page_id=2","title":{"rendered":"Hakk\u0131m\u0131zda"},"content":{"rendered":"\n<p><strong>Yenilik ve s\u00fcrd\u00fcr\u00fclebilirli\u011fe ba\u011fl\u0131l\u0131k<\/strong><\/p>\n\n\n\n<p>Hazar\u015fah \u0130n\u015faat, mimari m\u00fckemmelli\u011fi yeniden tan\u0131mlamak i\u00e7in yarat\u0131c\u0131l\u0131\u011f\u0131 ve i\u015flevselli\u011fi kusursuz bir \u015fekilde birle\u015ftiren \u00f6nc\u00fc bir firmad\u0131r.<\/p>\n\n\n\n<p><strong>Mekan yaratma tutkusu<\/strong><\/p>\n\n\n\n<p>Kapsaml\u0131 profesyonel hizmet paketimiz, ev sahiplerinden ticari geli\u015ftiricilere kadar \u00e7ok \u00e7e\u015fitli m\u00fc\u015fterilere hitap etmektedir.<\/p>\n\n\n\n<p><strong>Yenileme ve restorasyon<\/strong><\/p>\n\n\n\n<p>Hazar\u015fah \u0130n\u015faat Mimari \u00c7\u00f6z\u00fcmler ile hayal g\u00fcc\u00fc ve uzmanl\u0131\u011f\u0131n birle\u015fimini deneyimleyin.<\/p>\n\n\n\n<p><strong>S\u00fcrekli destek<\/strong><\/p>\n\n\n\n<p>Hazar\u015fah \u0130n\u015faat G\u00fcvenli, \u0130\u015f sa\u011fl\u0131\u011f\u0131 ve \u0130\u015f\u00e7i Sa\u011fl\u0131\u011f\u0131n\u0131 \u00f6nemseyen yap\u0131 hizmetini her\u015feyin \u00fcst\u00fcnde tutar.<\/p>\n\n\n\n<p><strong>Uygulama eri\u015fimi<\/strong><\/p>\n\n\n\n<p>Hazar\u015fah \u0130n\u015faat Mimari \u00c7izimler, Proje s\u00fcre\u00e7leri, Kentsel d\u00f6n\u00fc\u015f\u00fcm destekleri ve yap\u0131 teslim sonras\u0131 destekle \u00f6n plana \u00e7\u0131kar.<\/p>\n\n\n\n<p><strong>M\u00fc\u015favirlik<\/strong><\/p>\n\n\n\n<p>Hazar\u015fah \u0130n\u015faat Muhasebele\u015ftirme, \u00f6deme takip ve kolayla\u015ft\u0131rma, zaman y\u00f6netimi, esnek \u00f6deme y\u00f6ntemleri ve performans-fayda-eder a\u00e7\u0131s\u0131ndan yeni yakla\u015f\u0131m\u0131yla di\u011fer firmalardan bir ad\u0131m \u00f6ne \u00e7\u0131kar.<\/p>\n\n\n\n<p><strong>Proje y\u00f6netimi<\/strong><\/p>\n\n\n\n<p>Hazar\u015fah \u0130n\u015faat Projele\u015ftirme ve ruhsat a\u015famalar\u0131nda m\u00fc\u015fterisiyle ayn\u0131 masada ve ayn\u0131 tarafta kararlar al\u0131r, s\u00fcrece t\u00fcm payda\u015flar\u0131 dahil ederek kazan-kazan ilkesini ya\u015fat\u0131r.<\/p>\n\n\n\n<p><strong>Mimari \u00e7\u00f6z\u00fcmler<\/strong><\/p>\n\n\n\n<p>Yap\u0131, ve dekor sekt\u00f6r\u00fcnde 30 y\u0131ldan fazla birikimini in\u015faat ve mimari alana reg\u00fcle eden Hezar\u015fah \u0130n\u015faat Estetik, ergonomik, ya\u015fan\u0131labilir alanlar \u00fcretmekte zorlanmaz.<\/p>\n\n\n\n<p><strong>Bir dizi kaynak<\/strong><\/p>\n\n\n\n<p>Kapsaml\u0131 profesyonel hizmet yelpazemiz, ev sahiplerinden ticari geli\u015ftiricilere kadar geni\u015f bir m\u00fc\u015fteri kitlesine hitap ediyor.<\/p>\n\n\n\n<p><strong>Hezar\u015fah \u0130n\u015faat mimar uygulamas\u0131<\/strong><\/p>\n\n\n\n<ul class=\"wp-block-list\">\n<li>Di\u011fer mimarlarla i\u015fbirli\u011fi yap\u0131n.<\/li>\n\n\n\n<li>Projelerinizi tan\u0131t\u0131n.<\/li>\n\n\n\n<li>Mimarl\u0131k d\u00fcnyas\u0131n\u0131 deneyimleyin.<\/li>\n<\/ul>\n\n\n\n<p><strong>Hazar\u015fah \u0130n\u015faat B\u00fclteni<\/strong><\/p>\n\n\n\n<ul class=\"wp-block-list\">\n<li>D\u00fc\u015f\u00fcnce provokasyonu yaratan makaleler d\u00fcnyas\u0131.<\/li>\n\n\n\n<li>Mimarl\u0131\u011f\u0131 g\u00f6klere \u00e7\u0131karan vaka \u00e7al\u0131\u015fmalar\u0131.<\/li>\n\n\n\n<li>Tasar\u0131m i\u00e7 g\u00f6r\u00fclerine \u00f6zel eri\u015fim.<\/li>\n<\/ul>\n\n\n\n<p><\/p>\n","protected":false},"excerpt":{"rendered":"<p>Yenilik ve s\u00fcrd\u00fcr\u00fclebilirli\u011fe ba\u011fl\u0131l\u0131k Hazar\u015fah \u0130n\u015faat, mimari m\u00fckemmelli\u011fi yeniden tan\u0131mlamak i\u00e7in yarat\u0131c\u0131l\u0131\u011f\u0131 ve i\u015flevselli\u011fi kusursuz bir \u015fekilde birle\u015ftiren \u00f6nc\u00fc bir firmad\u0131r. Mekan yaratma tutkusu Kapsaml\u0131 profesyonel hizmet paketimiz, ev sahiplerinden ticari geli\u015ftiricilere kadar \u00e7ok \u00e7e\u015fitli m\u00fc\u015fterilere hitap etmektedir. Yenileme ve restorasyon Hazar\u015fah \u0130n\u015faat Mimari \u00c7\u00f6z\u00fcmler ile hayal g\u00fcc\u00fc ve uzmanl\u0131\u011f\u0131n birle\u015fimini deneyimleyin. S\u00fcrekli destek Hazar\u015fah [&hellip;]<\/p>\n","protected":false},"author":1,"featured_media":91,"parent":0,"menu_order":0,"comment_status":"closed","ping_status":"open","template":"","meta":{"footnotes":""},"class_list":["post-2","page","type-page","status-publish","has-post-thumbnail","hentry"],"_links":{"self":[{"href":"https:\/\/hezarsahinsaat.com\/index.php?rest_route=\/wp\/v2\/pages\/2","targetHints":{"allow":["GET"]}}],"collection":[{"href":"https:\/\/hezarsahinsaat.com\/index.php?rest_route=\/wp\/v2\/pages"}],"about":[{"href":"https:\/\/hezarsahinsaat.com\/index.php?rest_route=\/wp\/v2\/types\/page"}],"author":[{"embeddable":true,"href":"https:\/\/hezarsahinsaat.com\/index.php?rest_route=\/wp\/v2\/users\/1"}],"replies":[{"embeddable":true,"href":"https:\/\/hezarsahinsaat.com\/index.php?rest_route=%2Fwp%2Fv2%2Fcomments&post=2"}],"version-history":[{"count":3,"href":"https:\/\/hezarsahinsaat.com\/index.php?rest_route=\/wp\/v2\/pages\/2\/revisions"}],"predecessor-version":[{"id":74,"href":"https:\/\/hezarsahinsaat.com\/index.php?rest_route=\/wp\/v2\/pages\/2\/revisions\/74"}],"wp:featuredmedia":[{"embeddable":true,"href":"https:\/\/hezarsahinsaat.com\/index.php?rest_route=\/wp\/v2\/media\/91"}],"wp:attachment":[{"href":"https:\/\/hezarsahinsaat.com\/index.php?rest_route=%2Fwp%2Fv2%2Fmedia&parent=2"}],"curies":[{"name":"wp","href":"https:\/\/api.w.org\/{rel}","templated":true}]}}